{"id":726,"date":"2025-05-14T09:20:19","date_gmt":"2025-05-14T09:20:19","guid":{"rendered":"https:\/\/a-digitalworks.com\/aviso-legal\/"},"modified":"2025-07-19T11:01:49","modified_gmt":"2025-07-19T11:01:49","slug":"aviso-legal","status":"publish","type":"page","link":"https:\/\/a-digitalworks.com\/pt-pt\/aviso-legal\/","title":{"rendered":"Aviso legal"},"content":{"rendered":"\n<h2 class=\"wp-block-heading\">Informa\u00e7\u00f5es sobre a empresa<\/h2>\n\n<p>Nome da empresa: A-Digital Works Ltd<br\/>N\u00famero da empresa: 15081203<br\/>N\u00famero de IVA: GB471067496<br\/>Sede social:<br\/>Suite Ra01, 195-197 Wood Street,<br\/>Londres, Inglaterra, E17 3NU<br\/>Diretor-geral: Ayaka Uchida<br\/>Email: info@a-digitalworks.com<\/p>\n\n<h2 class=\"wp-block-heading\">Fornecedor de alojamento<\/h2>\n\n<p>Este s\u00edtio Web est\u00e1 alojado em:<br\/>[Nome do teu fornecedor de alojamento]<br\/>[Endere\u00e7o do fornecedor, se dispon\u00edvel]<br\/>[URL do s\u00edtio Web do fornecedor]<\/p>\n\n<h2 class=\"wp-block-heading\">Isen\u00e7\u00e3o de responsabilidade<\/h2>\n\n<p>Fazemos todos os esfor\u00e7os para garantir que as informa\u00e7\u00f5es neste s\u00edtio Web s\u00e3o exactas e actualizadas. No entanto, a A-Digital Works Ltd n\u00e3o aceita qualquer responsabilidade pela exatid\u00e3o, integridade ou atualidade do conte\u00fado.<\/p>\n\n<p>N\u00e3o nos responsabilizamos pelo conte\u00fado de s\u00edtios Web externos ligados a este s\u00edtio.<\/p>\n\n<h2 class=\"wp-block-heading\">Direitos de autor<\/h2>\n\n<p>Todos os conte\u00fados, elementos de design, imagens e materiais deste s\u00edtio Web s\u00e3o propriedade da A-Digital Works Ltd, salvo indica\u00e7\u00e3o em contr\u00e1rio. \u00c9 proibida a utiliza\u00e7\u00e3o ou duplica\u00e7\u00e3o n\u00e3o autorizada sem autoriza\u00e7\u00e3o pr\u00e9via por escrito.<\/p>\n\n<h2 class=\"wp-block-heading\">Jurisdi\u00e7\u00e3o legal<\/h2>\n\n<p>Este s\u00edtio Web \u00e9 gerido ao abrigo das leis de Inglaterra e do Pa\u00eds de Gales.<br\/>Em caso de lit\u00edgio, a jurisdi\u00e7\u00e3o aplic\u00e1vel ser\u00e1 a dos tribunais de Londres, Reino Unido.<\/p>\n\n<p><\/p>\n","protected":false},"excerpt":{"rendered":"<p>Informa\u00e7\u00f5es sobre a empresa Nome da empresa: A-Digital Works LtdN\u00famero da empresa: 15081203N\u00famero de IVA: GB471067496Sede social:Suite Ra01, 195-197 Wood [&hellip;]<\/p>\n","protected":false},"author":1,"featured_media":0,"parent":0,"menu_order":0,"comment_status":"closed","ping_status":"closed","template":"","meta":{"_uag_custom_page_level_css":"","site-sidebar-layout":"default","site-content-layout":"","ast-site-content-layout":"default","site-content-style":"default","site-sidebar-style":"default","ast-global-header-display":"","ast-banner-title-visibility":"","ast-main-header-display":"","ast-hfb-above-header-display":"","ast-hfb-below-header-display":"","ast-hfb-mobile-header-display":"","site-post-title":"","ast-breadcrumbs-content":"","ast-featured-img":"","footer-sml-layout":"","ast-disable-related-posts":"","theme-transparent-header-meta":"","adv-header-id-meta":"","stick-header-meta":"","header-above-stick-meta":"","header-main-stick-meta":"","header-below-stick-meta":"","astra-migrate-meta-layouts":"default","ast-page-background-enabled":"default","ast-page-background-meta":{"desktop":{"background-color":"var(--ast-global-color-4)","background-image":"","background-repeat":"repeat","background-position":"center center","background-size":"auto","background-attachment":"scroll","background-type":"","background-media":"","overlay-type":"","overlay-color":"","overlay-opacity":"","overlay-gradient":""},"tablet":{"background-color":"","background-image":"","background-repeat":"repeat","background-position":"center center","background-size":"auto","background-attachment":"scroll","background-type":"","background-media":"","overlay-type":"","overlay-color":"","overlay-opacity":"","overlay-gradient":""},"mobile":{"background-color":"","background-image":"","background-repeat":"repeat","background-position":"center center","background-size":"auto","background-attachment":"scroll","background-type":"","background-media":"","overlay-type":"","overlay-color":"","overlay-opacity":"","overlay-gradient":""}},"ast-content-background-meta":{"desktop":{"background-color":"var(--ast-global-color-5)","background-image":"","background-repeat":"repeat","background-position":"center center","background-size":"auto","background-attachment":"scroll","background-type":"","background-media":"","overlay-type":"","overlay-color":"","overlay-opacity":"","overlay-gradient":""},"tablet":{"background-color":"var(--ast-global-color-5)","background-image":"","background-repeat":"repeat","background-position":"center center","background-size":"auto","background-attachment":"scroll","background-type":"","background-media":"","overlay-type":"","overlay-color":"","overlay-opacity":"","overlay-gradient":""},"mobile":{"background-color":"var(--ast-global-color-5)","background-image":"","background-repeat":"repeat","background-position":"center center","background-size":"auto","background-attachment":"scroll","background-type":"","background-media":"","overlay-type":"","overlay-color":"","overlay-opacity":"","overlay-gradient":""}},"footnotes":""},"class_list":["post-726","page","type-page","status-publish","hentry"],"yoast_head":"<!-- This site is optimized with the Yoast SEO plugin v27.4 - https:\/\/yoast.com\/product\/yoast-seo-wordpress\/ -->\n<title>Aviso legal - A-Digital Works Ltd<\/title>\n<meta name=\"description\" content=\"Aviso legal - A-Digital Works Ltd. Informa\u00e7\u00f5es legais importantes, termos de utiliza\u00e7\u00e3o, isen\u00e7\u00f5es de responsabilidade e conformidade regulamentar para os nossos servi\u00e7os de marketing e expans\u00e3o comercial internacional. Detalhes do registo de empresas no Reino Unido.\" \/>\n<meta name=\"robots\" content=\"index, follow, max-snippet:-1, max-image-preview:large, max-video-preview:-1\" \/>\n<link rel=\"canonical\" href=\"https:\/\/a-digitalworks.com\/pt-pt\/aviso-legal\/\" \/>\n<meta property=\"og:locale\" content=\"pt_PT\" \/>\n<meta property=\"og:type\" content=\"article\" \/>\n<meta property=\"og:title\" content=\"Aviso legal - A-Digital Works Ltd\" \/>\n<meta property=\"og:description\" content=\"Aviso legal - A-Digital Works Ltd. Informa\u00e7\u00f5es legais importantes, termos de utiliza\u00e7\u00e3o, isen\u00e7\u00f5es de responsabilidade e conformidade regulamentar para os nossos servi\u00e7os de marketing e expans\u00e3o comercial internacional. Detalhes do registo de empresas no Reino Unido.\" \/>\n<meta property=\"og:url\" content=\"https:\/\/a-digitalworks.com\/pt-pt\/aviso-legal\/\" \/>\n<meta property=\"og:site_name\" content=\"A-Digital Works Ltd\" \/>\n<meta property=\"article:modified_time\" content=\"2025-07-19T11:01:49+00:00\" \/>\n<meta name=\"twitter:card\" content=\"summary_large_image\" \/>\n<meta name=\"twitter:label1\" content=\"Tempo estimado de leitura\" \/>\n\t<meta name=\"twitter:data1\" content=\"1 minuto\" \/>\n<script type=\"application\/ld+json\" class=\"yoast-schema-graph\">{\"@context\":\"https:\\\/\\\/schema.org\",\"@graph\":[{\"@type\":\"WebPage\",\"@id\":\"https:\\\/\\\/a-digitalworks.com\\\/pt-pt\\\/aviso-legal\\\/\",\"url\":\"https:\\\/\\\/a-digitalworks.com\\\/pt-pt\\\/aviso-legal\\\/\",\"name\":\"Aviso legal - A-Digital Works Ltd\",\"isPartOf\":{\"@id\":\"https:\\\/\\\/a-digitalworks.com\\\/pt-pt\\\/#website\"},\"datePublished\":\"2025-05-14T09:20:19+00:00\",\"dateModified\":\"2025-07-19T11:01:49+00:00\",\"description\":\"Aviso legal - A-Digital Works Ltd. Informa\u00e7\u00f5es legais importantes, termos de utiliza\u00e7\u00e3o, isen\u00e7\u00f5es de responsabilidade e conformidade regulamentar para os nossos servi\u00e7os de marketing e expans\u00e3o comercial internacional. Detalhes do registo de empresas no Reino Unido.\",\"breadcrumb\":{\"@id\":\"https:\\\/\\\/a-digitalworks.com\\\/pt-pt\\\/aviso-legal\\\/#breadcrumb\"},\"inLanguage\":\"pt-PT\",\"potentialAction\":[{\"@type\":\"ReadAction\",\"target\":[\"https:\\\/\\\/a-digitalworks.com\\\/pt-pt\\\/aviso-legal\\\/\"]}]},{\"@type\":\"BreadcrumbList\",\"@id\":\"https:\\\/\\\/a-digitalworks.com\\\/pt-pt\\\/aviso-legal\\\/#breadcrumb\",\"itemListElement\":[{\"@type\":\"ListItem\",\"position\":1,\"name\":\"Casa\",\"item\":\"https:\\\/\\\/a-digitalworks.com\\\/pt-pt\\\/\"},{\"@type\":\"ListItem\",\"position\":2,\"name\":\"Aviso legal\"}]},{\"@type\":\"WebSite\",\"@id\":\"https:\\\/\\\/a-digitalworks.com\\\/pt-pt\\\/#website\",\"url\":\"https:\\\/\\\/a-digitalworks.com\\\/pt-pt\\\/\",\"name\":\"A-Digital Works Ltd\",\"description\":\"A-Digital Works Ltd specializes in bridging international markets through tailored SEO and marketing strategies.\",\"publisher\":{\"@id\":\"https:\\\/\\\/a-digitalworks.com\\\/pt-pt\\\/#organization\"},\"potentialAction\":[{\"@type\":\"SearchAction\",\"target\":{\"@type\":\"EntryPoint\",\"urlTemplate\":\"https:\\\/\\\/a-digitalworks.com\\\/pt-pt\\\/?s={search_term_string}\"},\"query-input\":{\"@type\":\"PropertyValueSpecification\",\"valueRequired\":true,\"valueName\":\"search_term_string\"}}],\"inLanguage\":\"pt-PT\"},{\"@type\":\"Organization\",\"@id\":\"https:\\\/\\\/a-digitalworks.com\\\/pt-pt\\\/#organization\",\"name\":\"A-Digital Works Ltd\",\"url\":\"https:\\\/\\\/a-digitalworks.com\\\/pt-pt\\\/\",\"logo\":{\"@type\":\"ImageObject\",\"inLanguage\":\"pt-PT\",\"@id\":\"https:\\\/\\\/a-digitalworks.com\\\/pt-pt\\\/#\\\/schema\\\/logo\\\/image\\\/\",\"url\":\"https:\\\/\\\/a-digitalworks.com\\\/wp-content\\\/uploads\\\/2025\\\/04\\\/A-Digital-Works-Logo.png\",\"contentUrl\":\"https:\\\/\\\/a-digitalworks.com\\\/wp-content\\\/uploads\\\/2025\\\/04\\\/A-Digital-Works-Logo.png\",\"width\":1024,\"height\":1024,\"caption\":\"A-Digital Works Ltd\"},\"image\":{\"@id\":\"https:\\\/\\\/a-digitalworks.com\\\/pt-pt\\\/#\\\/schema\\\/logo\\\/image\\\/\"}}]}<\/script>\n<!-- \/ Yoast SEO plugin. -->","yoast_head_json":{"title":"Aviso legal - A-Digital Works Ltd","description":"Aviso legal - A-Digital Works Ltd. Informa\u00e7\u00f5es legais importantes, termos de utiliza\u00e7\u00e3o, isen\u00e7\u00f5es de responsabilidade e conformidade regulamentar para os nossos servi\u00e7os de marketing e expans\u00e3o comercial internacional. Detalhes do registo de empresas no Reino Unido.","robots":{"index":"index","follow":"follow","max-snippet":"max-snippet:-1","max-image-preview":"max-image-preview:large","max-video-preview":"max-video-preview:-1"},"canonical":"https:\/\/a-digitalworks.com\/pt-pt\/aviso-legal\/","og_locale":"pt_PT","og_type":"article","og_title":"Aviso legal - A-Digital Works Ltd","og_description":"Aviso legal - A-Digital Works Ltd. Informa\u00e7\u00f5es legais importantes, termos de utiliza\u00e7\u00e3o, isen\u00e7\u00f5es de responsabilidade e conformidade regulamentar para os nossos servi\u00e7os de marketing e expans\u00e3o comercial internacional. Detalhes do registo de empresas no Reino Unido.","og_url":"https:\/\/a-digitalworks.com\/pt-pt\/aviso-legal\/","og_site_name":"A-Digital Works Ltd","article_modified_time":"2025-07-19T11:01:49+00:00","twitter_card":"summary_large_image","twitter_misc":{"Tempo estimado de leitura":"1 minuto"},"schema":{"@context":"https:\/\/schema.org","@graph":[{"@type":"WebPage","@id":"https:\/\/a-digitalworks.com\/pt-pt\/aviso-legal\/","url":"https:\/\/a-digitalworks.com\/pt-pt\/aviso-legal\/","name":"Aviso legal - A-Digital Works Ltd","isPartOf":{"@id":"https:\/\/a-digitalworks.com\/pt-pt\/#website"},"datePublished":"2025-05-14T09:20:19+00:00","dateModified":"2025-07-19T11:01:49+00:00","description":"Aviso legal - A-Digital Works Ltd. Informa\u00e7\u00f5es legais importantes, termos de utiliza\u00e7\u00e3o, isen\u00e7\u00f5es de responsabilidade e conformidade regulamentar para os nossos servi\u00e7os de marketing e expans\u00e3o comercial internacional. Detalhes do registo de empresas no Reino Unido.","breadcrumb":{"@id":"https:\/\/a-digitalworks.com\/pt-pt\/aviso-legal\/#breadcrumb"},"inLanguage":"pt-PT","potentialAction":[{"@type":"ReadAction","target":["https:\/\/a-digitalworks.com\/pt-pt\/aviso-legal\/"]}]},{"@type":"BreadcrumbList","@id":"https:\/\/a-digitalworks.com\/pt-pt\/aviso-legal\/#breadcrumb","itemListElement":[{"@type":"ListItem","position":1,"name":"Casa","item":"https:\/\/a-digitalworks.com\/pt-pt\/"},{"@type":"ListItem","position":2,"name":"Aviso legal"}]},{"@type":"WebSite","@id":"https:\/\/a-digitalworks.com\/pt-pt\/#website","url":"https:\/\/a-digitalworks.com\/pt-pt\/","name":"A-Digital Works Ltd","description":"A-Digital Works Ltd specializes in bridging international markets through tailored SEO and marketing strategies.","publisher":{"@id":"https:\/\/a-digitalworks.com\/pt-pt\/#organization"},"potentialAction":[{"@type":"SearchAction","target":{"@type":"EntryPoint","urlTemplate":"https:\/\/a-digitalworks.com\/pt-pt\/?s={search_term_string}"},"query-input":{"@type":"PropertyValueSpecification","valueRequired":true,"valueName":"search_term_string"}}],"inLanguage":"pt-PT"},{"@type":"Organization","@id":"https:\/\/a-digitalworks.com\/pt-pt\/#organization","name":"A-Digital Works Ltd","url":"https:\/\/a-digitalworks.com\/pt-pt\/","logo":{"@type":"ImageObject","inLanguage":"pt-PT","@id":"https:\/\/a-digitalworks.com\/pt-pt\/#\/schema\/logo\/image\/","url":"https:\/\/a-digitalworks.com\/wp-content\/uploads\/2025\/04\/A-Digital-Works-Logo.png","contentUrl":"https:\/\/a-digitalworks.com\/wp-content\/uploads\/2025\/04\/A-Digital-Works-Logo.png","width":1024,"height":1024,"caption":"A-Digital Works Ltd"},"image":{"@id":"https:\/\/a-digitalworks.com\/pt-pt\/#\/schema\/logo\/image\/"}}]}},"uagb_featured_image_src":{"full":false,"thumbnail":false,"medium":false,"medium_large":false,"large":false,"1536x1536":false,"2048x2048":false},"uagb_author_info":{"display_name":"A-Digital Works","author_link":"https:\/\/a-digitalworks.com\/pt-pt\/author\/ayachan11\/"},"uagb_comment_info":0,"uagb_excerpt":"Informa\u00e7\u00f5es sobre a empresa Nome da empresa: A-Digital Works LtdN\u00famero da empresa: 15081203N\u00famero de IVA: GB471067496Sede social:Suite Ra01, 195-197 Wood [&hellip;]","_links":{"self":[{"href":"https:\/\/a-digitalworks.com\/pt-pt\/wp-json\/wp\/v2\/pages\/726","targetHints":{"allow":["GET"]}}],"collection":[{"href":"https:\/\/a-digitalworks.com\/pt-pt\/wp-json\/wp\/v2\/pages"}],"about":[{"href":"https:\/\/a-digitalworks.com\/pt-pt\/wp-json\/wp\/v2\/types\/page"}],"author":[{"embeddable":true,"href":"https:\/\/a-digitalworks.com\/pt-pt\/wp-json\/wp\/v2\/users\/1"}],"replies":[{"embeddable":true,"href":"https:\/\/a-digitalworks.com\/pt-pt\/wp-json\/wp\/v2\/comments?post=726"}],"version-history":[{"count":1,"href":"https:\/\/a-digitalworks.com\/pt-pt\/wp-json\/wp\/v2\/pages\/726\/revisions"}],"predecessor-version":[{"id":727,"href":"https:\/\/a-digitalworks.com\/pt-pt\/wp-json\/wp\/v2\/pages\/726\/revisions\/727"}],"wp:attachment":[{"href":"https:\/\/a-digitalworks.com\/pt-pt\/wp-json\/wp\/v2\/media?parent=726"}],"curies":[{"name":"wp","href":"https:\/\/api.w.org\/{rel}","templated":true}]}}