{"id":722,"date":"2025-05-14T09:20:19","date_gmt":"2025-05-14T09:20:19","guid":{"rendered":"https:\/\/a-digitalworks.com\/avis-juridique\/"},"modified":"2025-07-19T11:01:47","modified_gmt":"2025-07-19T11:01:47","slug":"avis-juridique","status":"publish","type":"page","link":"https:\/\/a-digitalworks.com\/fr\/avis-juridique\/","title":{"rendered":"Avis juridique"},"content":{"rendered":"\n<h2 class=\"wp-block-heading\">Informations sur l&rsquo;entreprise<\/h2>\n\n<p>Nom de l&rsquo;entreprise : A-Digital Works Ltd<br\/>Num\u00e9ro d&rsquo;entreprise : 15081203<br\/>Num\u00e9ro de TVA : GB471067496<br\/>Si\u00e8ge social :<br\/>Suite Ra01, 195-197 Wood Street,<br\/>London, England, E17 3NU<br\/>Directeur g\u00e9n\u00e9ral : Ayaka Uchida<br\/>Courriel : info@a-digitalworks.com<\/p>\n\n<h2 class=\"wp-block-heading\">Fournisseur d&rsquo;h\u00e9bergement<\/h2>\n\n<p>Ce site web est h\u00e9berg\u00e9 par :<br\/>[Nom de votre fournisseur d&rsquo;h\u00e9bergement]<br\/>[Adresse du fournisseur, si disponible]<br\/>[URL du site web du fournisseur].<\/p>\n\n<h2 class=\"wp-block-heading\">Clause de non-responsabilit\u00e9<\/h2>\n\n<p>Nous nous effor\u00e7ons de veiller \u00e0 ce que les informations contenues dans ce site soient exactes et \u00e0 jour. Cependant, A-Digital Works Ltd n&rsquo;accepte aucune responsabilit\u00e9 quant \u00e0 l&rsquo;exactitude, l&rsquo;exhaustivit\u00e9 ou l&rsquo;actualit\u00e9 du contenu. <\/p>\n\n<p>Nous ne sommes pas responsables du contenu des sites web externes li\u00e9s \u00e0 ce site.<\/p>\n\n<h2 class=\"wp-block-heading\">Droit d&rsquo;auteur<\/h2>\n\n<p>L&rsquo;ensemble du contenu, des \u00e9l\u00e9ments de conception, des images et des documents figurant sur ce site web sont la propri\u00e9t\u00e9 d&rsquo;A-Digital Works Ltd, sauf indication contraire. Toute utilisation ou reproduction non autoris\u00e9e est interdite sans accord \u00e9crit pr\u00e9alable. <\/p>\n\n<h2 class=\"wp-block-heading\">Comp\u00e9tence juridique<\/h2>\n\n<p>Ce site web est r\u00e9gi par les lois de l&rsquo;Angleterre et du Pays de Galles.<br\/>En cas de litige, la juridiction applicable est celle des tribunaux de Londres, au Royaume-Uni.<\/p>\n\n<p><\/p>\n","protected":false},"excerpt":{"rendered":"<p>Informations sur l&rsquo;entreprise Nom de l&rsquo;entreprise : A-Digital Works LtdNum\u00e9ro d&rsquo;entreprise : 15081203Num\u00e9ro de TVA : GB471067496Si\u00e8ge social :Suite Ra01, [&hellip;]<\/p>\n","protected":false},"author":1,"featured_media":0,"parent":0,"menu_order":0,"comment_status":"closed","ping_status":"closed","template":"","meta":{"_uag_custom_page_level_css":"","site-sidebar-layout":"default","site-content-layout":"","ast-site-content-layout":"default","site-content-style":"default","site-sidebar-style":"default","ast-global-header-display":"","ast-banner-title-visibility":"","ast-main-header-display":"","ast-hfb-above-header-display":"","ast-hfb-below-header-display":"","ast-hfb-mobile-header-display":"","site-post-title":"","ast-breadcrumbs-content":"","ast-featured-img":"","footer-sml-layout":"","ast-disable-related-posts":"","theme-transparent-header-meta":"","adv-header-id-meta":"","stick-header-meta":"","header-above-stick-meta":"","header-main-stick-meta":"","header-below-stick-meta":"","astra-migrate-meta-layouts":"default","ast-page-background-enabled":"default","ast-page-background-meta":{"desktop":{"background-color":"var(--ast-global-color-4)","background-image":"","background-repeat":"repeat","background-position":"center center","background-size":"auto","background-attachment":"scroll","background-type":"","background-media":"","overlay-type":"","overlay-color":"","overlay-opacity":"","overlay-gradient":""},"tablet":{"background-color":"","background-image":"","background-repeat":"repeat","background-position":"center center","background-size":"auto","background-attachment":"scroll","background-type":"","background-media":"","overlay-type":"","overlay-color":"","overlay-opacity":"","overlay-gradient":""},"mobile":{"background-color":"","background-image":"","background-repeat":"repeat","background-position":"center center","background-size":"auto","background-attachment":"scroll","background-type":"","background-media":"","overlay-type":"","overlay-color":"","overlay-opacity":"","overlay-gradient":""}},"ast-content-background-meta":{"desktop":{"background-color":"var(--ast-global-color-5)","background-image":"","background-repeat":"repeat","background-position":"center center","background-size":"auto","background-attachment":"scroll","background-type":"","background-media":"","overlay-type":"","overlay-color":"","overlay-opacity":"","overlay-gradient":""},"tablet":{"background-color":"var(--ast-global-color-5)","background-image":"","background-repeat":"repeat","background-position":"center center","background-size":"auto","background-attachment":"scroll","background-type":"","background-media":"","overlay-type":"","overlay-color":"","overlay-opacity":"","overlay-gradient":""},"mobile":{"background-color":"var(--ast-global-color-5)","background-image":"","background-repeat":"repeat","background-position":"center center","background-size":"auto","background-attachment":"scroll","background-type":"","background-media":"","overlay-type":"","overlay-color":"","overlay-opacity":"","overlay-gradient":""}},"footnotes":""},"class_list":["post-722","page","type-page","status-publish","hentry"],"yoast_head":"<!-- This site is optimized with the Yoast SEO plugin v27.4 - https:\/\/yoast.com\/product\/yoast-seo-wordpress\/ -->\n<title>Avis juridique - A-Digital Works Ltd.<\/title>\n<meta name=\"description\" content=\"Mentions l\u00e9gales - A-Digital Works Ltd. Informations juridiques importantes, conditions d&#039;utilisation, clauses de non-responsabilit\u00e9 et conformit\u00e9 r\u00e9glementaire pour nos services de marketing et d&#039;expansion commerciale internationale. D\u00e9tails de l&#039;enregistrement de la soci\u00e9t\u00e9 au Royaume-Uni.\" \/>\n<meta name=\"robots\" content=\"index, follow, max-snippet:-1, max-image-preview:large, max-video-preview:-1\" \/>\n<link rel=\"canonical\" href=\"https:\/\/a-digitalworks.com\/fr\/avis-juridique\/\" \/>\n<meta property=\"og:locale\" content=\"fr_FR\" \/>\n<meta property=\"og:type\" content=\"article\" \/>\n<meta property=\"og:title\" content=\"Avis juridique - A-Digital Works Ltd.\" \/>\n<meta property=\"og:description\" content=\"Mentions l\u00e9gales - A-Digital Works Ltd. Informations juridiques importantes, conditions d&#039;utilisation, clauses de non-responsabilit\u00e9 et conformit\u00e9 r\u00e9glementaire pour nos services de marketing et d&#039;expansion commerciale internationale. D\u00e9tails de l&#039;enregistrement de la soci\u00e9t\u00e9 au Royaume-Uni.\" \/>\n<meta property=\"og:url\" content=\"https:\/\/a-digitalworks.com\/fr\/avis-juridique\/\" \/>\n<meta property=\"og:site_name\" content=\"A-Digital Works Ltd\" \/>\n<meta property=\"article:modified_time\" content=\"2025-07-19T11:01:47+00:00\" \/>\n<meta name=\"twitter:card\" content=\"summary_large_image\" \/>\n<meta name=\"twitter:label1\" content=\"Dur\u00e9e de lecture estim\u00e9e\" \/>\n\t<meta name=\"twitter:data1\" content=\"1 minute\" \/>\n<script type=\"application\/ld+json\" class=\"yoast-schema-graph\">{\"@context\":\"https:\\\/\\\/schema.org\",\"@graph\":[{\"@type\":\"WebPage\",\"@id\":\"https:\\\/\\\/a-digitalworks.com\\\/fr\\\/avis-juridique\\\/\",\"url\":\"https:\\\/\\\/a-digitalworks.com\\\/fr\\\/avis-juridique\\\/\",\"name\":\"Avis juridique - A-Digital Works Ltd.\",\"isPartOf\":{\"@id\":\"https:\\\/\\\/a-digitalworks.com\\\/fr\\\/#website\"},\"datePublished\":\"2025-05-14T09:20:19+00:00\",\"dateModified\":\"2025-07-19T11:01:47+00:00\",\"description\":\"Mentions l\u00e9gales - A-Digital Works Ltd. Informations juridiques importantes, conditions d'utilisation, clauses de non-responsabilit\u00e9 et conformit\u00e9 r\u00e9glementaire pour nos services de marketing et d'expansion commerciale internationale. D\u00e9tails de l'enregistrement de la soci\u00e9t\u00e9 au Royaume-Uni.\",\"breadcrumb\":{\"@id\":\"https:\\\/\\\/a-digitalworks.com\\\/fr\\\/avis-juridique\\\/#breadcrumb\"},\"inLanguage\":\"fr-FR\",\"potentialAction\":[{\"@type\":\"ReadAction\",\"target\":[\"https:\\\/\\\/a-digitalworks.com\\\/fr\\\/avis-juridique\\\/\"]}]},{\"@type\":\"BreadcrumbList\",\"@id\":\"https:\\\/\\\/a-digitalworks.com\\\/fr\\\/avis-juridique\\\/#breadcrumb\",\"itemListElement\":[{\"@type\":\"ListItem\",\"position\":1,\"name\":\"Accueil\",\"item\":\"https:\\\/\\\/a-digitalworks.com\\\/fr\\\/\"},{\"@type\":\"ListItem\",\"position\":2,\"name\":\"Avis juridique\"}]},{\"@type\":\"WebSite\",\"@id\":\"https:\\\/\\\/a-digitalworks.com\\\/fr\\\/#website\",\"url\":\"https:\\\/\\\/a-digitalworks.com\\\/fr\\\/\",\"name\":\"A-Digital Works Ltd\",\"description\":\"A-Digital Works Ltd specializes in bridging international markets through tailored SEO and marketing strategies.\",\"publisher\":{\"@id\":\"https:\\\/\\\/a-digitalworks.com\\\/fr\\\/#organization\"},\"potentialAction\":[{\"@type\":\"SearchAction\",\"target\":{\"@type\":\"EntryPoint\",\"urlTemplate\":\"https:\\\/\\\/a-digitalworks.com\\\/fr\\\/?s={search_term_string}\"},\"query-input\":{\"@type\":\"PropertyValueSpecification\",\"valueRequired\":true,\"valueName\":\"search_term_string\"}}],\"inLanguage\":\"fr-FR\"},{\"@type\":\"Organization\",\"@id\":\"https:\\\/\\\/a-digitalworks.com\\\/fr\\\/#organization\",\"name\":\"A-Digital Works Ltd\",\"url\":\"https:\\\/\\\/a-digitalworks.com\\\/fr\\\/\",\"logo\":{\"@type\":\"ImageObject\",\"inLanguage\":\"fr-FR\",\"@id\":\"https:\\\/\\\/a-digitalworks.com\\\/fr\\\/#\\\/schema\\\/logo\\\/image\\\/\",\"url\":\"https:\\\/\\\/a-digitalworks.com\\\/wp-content\\\/uploads\\\/2025\\\/04\\\/A-Digital-Works-Logo.png\",\"contentUrl\":\"https:\\\/\\\/a-digitalworks.com\\\/wp-content\\\/uploads\\\/2025\\\/04\\\/A-Digital-Works-Logo.png\",\"width\":1024,\"height\":1024,\"caption\":\"A-Digital Works Ltd\"},\"image\":{\"@id\":\"https:\\\/\\\/a-digitalworks.com\\\/fr\\\/#\\\/schema\\\/logo\\\/image\\\/\"}}]}<\/script>\n<!-- \/ Yoast SEO plugin. -->","yoast_head_json":{"title":"Avis juridique - A-Digital Works Ltd.","description":"Mentions l\u00e9gales - A-Digital Works Ltd. Informations juridiques importantes, conditions d'utilisation, clauses de non-responsabilit\u00e9 et conformit\u00e9 r\u00e9glementaire pour nos services de marketing et d'expansion commerciale internationale. D\u00e9tails de l'enregistrement de la soci\u00e9t\u00e9 au Royaume-Uni.","robots":{"index":"index","follow":"follow","max-snippet":"max-snippet:-1","max-image-preview":"max-image-preview:large","max-video-preview":"max-video-preview:-1"},"canonical":"https:\/\/a-digitalworks.com\/fr\/avis-juridique\/","og_locale":"fr_FR","og_type":"article","og_title":"Avis juridique - A-Digital Works Ltd.","og_description":"Mentions l\u00e9gales - A-Digital Works Ltd. Informations juridiques importantes, conditions d'utilisation, clauses de non-responsabilit\u00e9 et conformit\u00e9 r\u00e9glementaire pour nos services de marketing et d'expansion commerciale internationale. D\u00e9tails de l'enregistrement de la soci\u00e9t\u00e9 au Royaume-Uni.","og_url":"https:\/\/a-digitalworks.com\/fr\/avis-juridique\/","og_site_name":"A-Digital Works Ltd","article_modified_time":"2025-07-19T11:01:47+00:00","twitter_card":"summary_large_image","twitter_misc":{"Dur\u00e9e de lecture estim\u00e9e":"1 minute"},"schema":{"@context":"https:\/\/schema.org","@graph":[{"@type":"WebPage","@id":"https:\/\/a-digitalworks.com\/fr\/avis-juridique\/","url":"https:\/\/a-digitalworks.com\/fr\/avis-juridique\/","name":"Avis juridique - A-Digital Works Ltd.","isPartOf":{"@id":"https:\/\/a-digitalworks.com\/fr\/#website"},"datePublished":"2025-05-14T09:20:19+00:00","dateModified":"2025-07-19T11:01:47+00:00","description":"Mentions l\u00e9gales - A-Digital Works Ltd. Informations juridiques importantes, conditions d'utilisation, clauses de non-responsabilit\u00e9 et conformit\u00e9 r\u00e9glementaire pour nos services de marketing et d'expansion commerciale internationale. D\u00e9tails de l'enregistrement de la soci\u00e9t\u00e9 au Royaume-Uni.","breadcrumb":{"@id":"https:\/\/a-digitalworks.com\/fr\/avis-juridique\/#breadcrumb"},"inLanguage":"fr-FR","potentialAction":[{"@type":"ReadAction","target":["https:\/\/a-digitalworks.com\/fr\/avis-juridique\/"]}]},{"@type":"BreadcrumbList","@id":"https:\/\/a-digitalworks.com\/fr\/avis-juridique\/#breadcrumb","itemListElement":[{"@type":"ListItem","position":1,"name":"Accueil","item":"https:\/\/a-digitalworks.com\/fr\/"},{"@type":"ListItem","position":2,"name":"Avis juridique"}]},{"@type":"WebSite","@id":"https:\/\/a-digitalworks.com\/fr\/#website","url":"https:\/\/a-digitalworks.com\/fr\/","name":"A-Digital Works Ltd","description":"A-Digital Works Ltd specializes in bridging international markets through tailored SEO and marketing strategies.","publisher":{"@id":"https:\/\/a-digitalworks.com\/fr\/#organization"},"potentialAction":[{"@type":"SearchAction","target":{"@type":"EntryPoint","urlTemplate":"https:\/\/a-digitalworks.com\/fr\/?s={search_term_string}"},"query-input":{"@type":"PropertyValueSpecification","valueRequired":true,"valueName":"search_term_string"}}],"inLanguage":"fr-FR"},{"@type":"Organization","@id":"https:\/\/a-digitalworks.com\/fr\/#organization","name":"A-Digital Works Ltd","url":"https:\/\/a-digitalworks.com\/fr\/","logo":{"@type":"ImageObject","inLanguage":"fr-FR","@id":"https:\/\/a-digitalworks.com\/fr\/#\/schema\/logo\/image\/","url":"https:\/\/a-digitalworks.com\/wp-content\/uploads\/2025\/04\/A-Digital-Works-Logo.png","contentUrl":"https:\/\/a-digitalworks.com\/wp-content\/uploads\/2025\/04\/A-Digital-Works-Logo.png","width":1024,"height":1024,"caption":"A-Digital Works Ltd"},"image":{"@id":"https:\/\/a-digitalworks.com\/fr\/#\/schema\/logo\/image\/"}}]}},"uagb_featured_image_src":{"full":false,"thumbnail":false,"medium":false,"medium_large":false,"large":false,"1536x1536":false,"2048x2048":false},"uagb_author_info":{"display_name":"A-Digital Works","author_link":"https:\/\/a-digitalworks.com\/fr\/author\/ayachan11\/"},"uagb_comment_info":0,"uagb_excerpt":"Informations sur l&rsquo;entreprise Nom de l&rsquo;entreprise : A-Digital Works LtdNum\u00e9ro d&rsquo;entreprise : 15081203Num\u00e9ro de TVA : GB471067496Si\u00e8ge social :Suite Ra01, [&hellip;]","_links":{"self":[{"href":"https:\/\/a-digitalworks.com\/fr\/wp-json\/wp\/v2\/pages\/722","targetHints":{"allow":["GET"]}}],"collection":[{"href":"https:\/\/a-digitalworks.com\/fr\/wp-json\/wp\/v2\/pages"}],"about":[{"href":"https:\/\/a-digitalworks.com\/fr\/wp-json\/wp\/v2\/types\/page"}],"author":[{"embeddable":true,"href":"https:\/\/a-digitalworks.com\/fr\/wp-json\/wp\/v2\/users\/1"}],"replies":[{"embeddable":true,"href":"https:\/\/a-digitalworks.com\/fr\/wp-json\/wp\/v2\/comments?post=722"}],"version-history":[{"count":1,"href":"https:\/\/a-digitalworks.com\/fr\/wp-json\/wp\/v2\/pages\/722\/revisions"}],"predecessor-version":[{"id":725,"href":"https:\/\/a-digitalworks.com\/fr\/wp-json\/wp\/v2\/pages\/722\/revisions\/725"}],"wp:attachment":[{"href":"https:\/\/a-digitalworks.com\/fr\/wp-json\/wp\/v2\/media?parent=722"}],"curies":[{"name":"wp","href":"https:\/\/api.w.org\/{rel}","templated":true}]}}