{"id":718,"date":"2025-05-14T09:20:19","date_gmt":"2025-05-14T09:20:19","guid":{"rendered":"https:\/\/a-digitalworks.com\/aviso-legal\/"},"modified":"2025-07-19T11:01:46","modified_gmt":"2025-07-19T11:01:46","slug":"aviso-legal","status":"publish","type":"page","link":"https:\/\/a-digitalworks.com\/es\/aviso-legal\/","title":{"rendered":"Aviso legal"},"content":{"rendered":"\n<h2 class=\"wp-block-heading\">Informaci\u00f3n de la empresa<\/h2>\n\n<p>Nombre de la empresa: A-Digital Works Ltd<br\/>N\u00famero de empresa: 15081203<br\/>N\u00famero de IVA: GB471067496<br\/>Domicilio Social:<br\/>Suite Ra01, 195-197 Wood Street,<br\/>Londres, Inglaterra, E17 3NU<br\/>Director Gerente: Ayaka Uchida<br\/>Correo electr\u00f3nico: info@a-digitalworks.com<\/p>\n\n<h2 class=\"wp-block-heading\">Proveedor de alojamiento<\/h2>\n\n<p>Este sitio web est\u00e1 alojado en:<br\/>[Nombre de tu proveedor de alojamiento]<br\/>[Direcci\u00f3n del proveedor, si est\u00e1 disponible]<br\/>[URL del sitio web del proveedor].<\/p>\n\n<h2 class=\"wp-block-heading\">Descargo de responsabilidad<\/h2>\n\n<p>Hacemos todo lo posible para garantizar que la informaci\u00f3n de este sitio web sea exacta y est\u00e9 actualizada. Sin embargo, A-Digital Works Ltd no se hace responsable de la exactitud, integridad o actualidad del contenido.<\/p>\n\n<p>No somos responsables del contenido de los sitios web externos enlazados desde este sitio.<\/p>\n\n<h2 class=\"wp-block-heading\">Derechos de autor<\/h2>\n\n<p>Todos los contenidos, elementos de dise\u00f1o, im\u00e1genes y materiales de este sitio web son propiedad de A-Digital Works Ltd, a menos que se indique lo contrario. Se proh\u00edbe el uso o duplicaci\u00f3n no autorizados sin consentimiento previo por escrito.<\/p>\n\n<h2 class=\"wp-block-heading\">Jurisdicci\u00f3n legal<\/h2>\n\n<p>Este sitio web se rige por las leyes de Inglaterra y Gales.<br\/>En caso de litigio, la jurisdicci\u00f3n aplicable ser\u00e1n los tribunales de Londres, Reino Unido.<\/p>\n\n<p><\/p>\n","protected":false},"excerpt":{"rendered":"<p>Informaci\u00f3n de la empresa Nombre de la empresa: A-Digital Works LtdN\u00famero de empresa: 15081203N\u00famero de IVA: GB471067496Domicilio Social:Suite Ra01, 195-197 [&hellip;]<\/p>\n","protected":false},"author":1,"featured_media":0,"parent":0,"menu_order":0,"comment_status":"closed","ping_status":"closed","template":"","meta":{"_uag_custom_page_level_css":"","site-sidebar-layout":"default","site-content-layout":"","ast-site-content-layout":"default","site-content-style":"default","site-sidebar-style":"default","ast-global-header-display":"","ast-banner-title-visibility":"","ast-main-header-display":"","ast-hfb-above-header-display":"","ast-hfb-below-header-display":"","ast-hfb-mobile-header-display":"","site-post-title":"","ast-breadcrumbs-content":"","ast-featured-img":"","footer-sml-layout":"","ast-disable-related-posts":"","theme-transparent-header-meta":"","adv-header-id-meta":"","stick-header-meta":"","header-above-stick-meta":"","header-main-stick-meta":"","header-below-stick-meta":"","astra-migrate-meta-layouts":"default","ast-page-background-enabled":"default","ast-page-background-meta":{"desktop":{"background-color":"var(--ast-global-color-4)","background-image":"","background-repeat":"repeat","background-position":"center center","background-size":"auto","background-attachment":"scroll","background-type":"","background-media":"","overlay-type":"","overlay-color":"","overlay-opacity":"","overlay-gradient":""},"tablet":{"background-color":"","background-image":"","background-repeat":"repeat","background-position":"center center","background-size":"auto","background-attachment":"scroll","background-type":"","background-media":"","overlay-type":"","overlay-color":"","overlay-opacity":"","overlay-gradient":""},"mobile":{"background-color":"","background-image":"","background-repeat":"repeat","background-position":"center center","background-size":"auto","background-attachment":"scroll","background-type":"","background-media":"","overlay-type":"","overlay-color":"","overlay-opacity":"","overlay-gradient":""}},"ast-content-background-meta":{"desktop":{"background-color":"var(--ast-global-color-5)","background-image":"","background-repeat":"repeat","background-position":"center center","background-size":"auto","background-attachment":"scroll","background-type":"","background-media":"","overlay-type":"","overlay-color":"","overlay-opacity":"","overlay-gradient":""},"tablet":{"background-color":"var(--ast-global-color-5)","background-image":"","background-repeat":"repeat","background-position":"center center","background-size":"auto","background-attachment":"scroll","background-type":"","background-media":"","overlay-type":"","overlay-color":"","overlay-opacity":"","overlay-gradient":""},"mobile":{"background-color":"var(--ast-global-color-5)","background-image":"","background-repeat":"repeat","background-position":"center center","background-size":"auto","background-attachment":"scroll","background-type":"","background-media":"","overlay-type":"","overlay-color":"","overlay-opacity":"","overlay-gradient":""}},"footnotes":""},"class_list":["post-718","page","type-page","status-publish","hentry"],"yoast_head":"<!-- This site is optimized with the Yoast SEO plugin v27.4 - https:\/\/yoast.com\/product\/yoast-seo-wordpress\/ -->\n<title>Aviso legal - %<\/title>\n<meta name=\"description\" content=\"Aviso legal - A-Digital Works Ltd. Informaci\u00f3n legal importante, condiciones de uso, exenci\u00f3n de responsabilidad y cumplimiento de la normativa para nuestros servicios de expansi\u00f3n comercial y marketing internacional. Datos de registro de la empresa en el Reino Unido.\" \/>\n<meta name=\"robots\" content=\"index, follow, max-snippet:-1, max-image-preview:large, max-video-preview:-1\" \/>\n<link rel=\"canonical\" href=\"https:\/\/a-digitalworks.com\/es\/aviso-legal\/\" \/>\n<meta property=\"og:locale\" content=\"es_ES\" \/>\n<meta property=\"og:type\" content=\"article\" \/>\n<meta property=\"og:title\" content=\"Aviso legal - %\" \/>\n<meta property=\"og:description\" content=\"Aviso legal - A-Digital Works Ltd. Informaci\u00f3n legal importante, condiciones de uso, exenci\u00f3n de responsabilidad y cumplimiento de la normativa para nuestros servicios de expansi\u00f3n comercial y marketing internacional. Datos de registro de la empresa en el Reino Unido.\" \/>\n<meta property=\"og:url\" content=\"https:\/\/a-digitalworks.com\/es\/aviso-legal\/\" \/>\n<meta property=\"og:site_name\" content=\"A-Digital Works Ltd\" \/>\n<meta property=\"article:modified_time\" content=\"2025-07-19T11:01:46+00:00\" \/>\n<meta name=\"twitter:card\" content=\"summary_large_image\" \/>\n<meta name=\"twitter:label1\" content=\"Tiempo de lectura\" \/>\n\t<meta name=\"twitter:data1\" content=\"1 minuto\" \/>\n<script type=\"application\/ld+json\" class=\"yoast-schema-graph\">{\"@context\":\"https:\\\/\\\/schema.org\",\"@graph\":[{\"@type\":\"WebPage\",\"@id\":\"https:\\\/\\\/a-digitalworks.com\\\/es\\\/aviso-legal\\\/\",\"url\":\"https:\\\/\\\/a-digitalworks.com\\\/es\\\/aviso-legal\\\/\",\"name\":\"Aviso legal - %\",\"isPartOf\":{\"@id\":\"https:\\\/\\\/a-digitalworks.com\\\/es\\\/#website\"},\"datePublished\":\"2025-05-14T09:20:19+00:00\",\"dateModified\":\"2025-07-19T11:01:46+00:00\",\"description\":\"Aviso legal - A-Digital Works Ltd. Informaci\u00f3n legal importante, condiciones de uso, exenci\u00f3n de responsabilidad y cumplimiento de la normativa para nuestros servicios de expansi\u00f3n comercial y marketing internacional. Datos de registro de la empresa en el Reino Unido.\",\"breadcrumb\":{\"@id\":\"https:\\\/\\\/a-digitalworks.com\\\/es\\\/aviso-legal\\\/#breadcrumb\"},\"inLanguage\":\"es\",\"potentialAction\":[{\"@type\":\"ReadAction\",\"target\":[\"https:\\\/\\\/a-digitalworks.com\\\/es\\\/aviso-legal\\\/\"]}]},{\"@type\":\"BreadcrumbList\",\"@id\":\"https:\\\/\\\/a-digitalworks.com\\\/es\\\/aviso-legal\\\/#breadcrumb\",\"itemListElement\":[{\"@type\":\"ListItem\",\"position\":1,\"name\":\"Inicio\",\"item\":\"https:\\\/\\\/a-digitalworks.com\\\/es\\\/\"},{\"@type\":\"ListItem\",\"position\":2,\"name\":\"Aviso legal\"}]},{\"@type\":\"WebSite\",\"@id\":\"https:\\\/\\\/a-digitalworks.com\\\/es\\\/#website\",\"url\":\"https:\\\/\\\/a-digitalworks.com\\\/es\\\/\",\"name\":\"A-Digital Works Ltd\",\"description\":\"A-Digital Works Ltd specializes in bridging international markets through tailored SEO and marketing strategies.\",\"publisher\":{\"@id\":\"https:\\\/\\\/a-digitalworks.com\\\/es\\\/#organization\"},\"potentialAction\":[{\"@type\":\"SearchAction\",\"target\":{\"@type\":\"EntryPoint\",\"urlTemplate\":\"https:\\\/\\\/a-digitalworks.com\\\/es\\\/?s={search_term_string}\"},\"query-input\":{\"@type\":\"PropertyValueSpecification\",\"valueRequired\":true,\"valueName\":\"search_term_string\"}}],\"inLanguage\":\"es\"},{\"@type\":\"Organization\",\"@id\":\"https:\\\/\\\/a-digitalworks.com\\\/es\\\/#organization\",\"name\":\"A-Digital Works Ltd\",\"url\":\"https:\\\/\\\/a-digitalworks.com\\\/es\\\/\",\"logo\":{\"@type\":\"ImageObject\",\"inLanguage\":\"es\",\"@id\":\"https:\\\/\\\/a-digitalworks.com\\\/es\\\/#\\\/schema\\\/logo\\\/image\\\/\",\"url\":\"https:\\\/\\\/a-digitalworks.com\\\/wp-content\\\/uploads\\\/2025\\\/04\\\/A-Digital-Works-Logo.png\",\"contentUrl\":\"https:\\\/\\\/a-digitalworks.com\\\/wp-content\\\/uploads\\\/2025\\\/04\\\/A-Digital-Works-Logo.png\",\"width\":1024,\"height\":1024,\"caption\":\"A-Digital Works Ltd\"},\"image\":{\"@id\":\"https:\\\/\\\/a-digitalworks.com\\\/es\\\/#\\\/schema\\\/logo\\\/image\\\/\"}}]}<\/script>\n<!-- \/ Yoast SEO plugin. -->","yoast_head_json":{"title":"Aviso legal - %","description":"Aviso legal - A-Digital Works Ltd. Informaci\u00f3n legal importante, condiciones de uso, exenci\u00f3n de responsabilidad y cumplimiento de la normativa para nuestros servicios de expansi\u00f3n comercial y marketing internacional. Datos de registro de la empresa en el Reino Unido.","robots":{"index":"index","follow":"follow","max-snippet":"max-snippet:-1","max-image-preview":"max-image-preview:large","max-video-preview":"max-video-preview:-1"},"canonical":"https:\/\/a-digitalworks.com\/es\/aviso-legal\/","og_locale":"es_ES","og_type":"article","og_title":"Aviso legal - %","og_description":"Aviso legal - A-Digital Works Ltd. Informaci\u00f3n legal importante, condiciones de uso, exenci\u00f3n de responsabilidad y cumplimiento de la normativa para nuestros servicios de expansi\u00f3n comercial y marketing internacional. Datos de registro de la empresa en el Reino Unido.","og_url":"https:\/\/a-digitalworks.com\/es\/aviso-legal\/","og_site_name":"A-Digital Works Ltd","article_modified_time":"2025-07-19T11:01:46+00:00","twitter_card":"summary_large_image","twitter_misc":{"Tiempo de lectura":"1 minuto"},"schema":{"@context":"https:\/\/schema.org","@graph":[{"@type":"WebPage","@id":"https:\/\/a-digitalworks.com\/es\/aviso-legal\/","url":"https:\/\/a-digitalworks.com\/es\/aviso-legal\/","name":"Aviso legal - %","isPartOf":{"@id":"https:\/\/a-digitalworks.com\/es\/#website"},"datePublished":"2025-05-14T09:20:19+00:00","dateModified":"2025-07-19T11:01:46+00:00","description":"Aviso legal - A-Digital Works Ltd. Informaci\u00f3n legal importante, condiciones de uso, exenci\u00f3n de responsabilidad y cumplimiento de la normativa para nuestros servicios de expansi\u00f3n comercial y marketing internacional. Datos de registro de la empresa en el Reino Unido.","breadcrumb":{"@id":"https:\/\/a-digitalworks.com\/es\/aviso-legal\/#breadcrumb"},"inLanguage":"es","potentialAction":[{"@type":"ReadAction","target":["https:\/\/a-digitalworks.com\/es\/aviso-legal\/"]}]},{"@type":"BreadcrumbList","@id":"https:\/\/a-digitalworks.com\/es\/aviso-legal\/#breadcrumb","itemListElement":[{"@type":"ListItem","position":1,"name":"Inicio","item":"https:\/\/a-digitalworks.com\/es\/"},{"@type":"ListItem","position":2,"name":"Aviso legal"}]},{"@type":"WebSite","@id":"https:\/\/a-digitalworks.com\/es\/#website","url":"https:\/\/a-digitalworks.com\/es\/","name":"A-Digital Works Ltd","description":"A-Digital Works Ltd specializes in bridging international markets through tailored SEO and marketing strategies.","publisher":{"@id":"https:\/\/a-digitalworks.com\/es\/#organization"},"potentialAction":[{"@type":"SearchAction","target":{"@type":"EntryPoint","urlTemplate":"https:\/\/a-digitalworks.com\/es\/?s={search_term_string}"},"query-input":{"@type":"PropertyValueSpecification","valueRequired":true,"valueName":"search_term_string"}}],"inLanguage":"es"},{"@type":"Organization","@id":"https:\/\/a-digitalworks.com\/es\/#organization","name":"A-Digital Works Ltd","url":"https:\/\/a-digitalworks.com\/es\/","logo":{"@type":"ImageObject","inLanguage":"es","@id":"https:\/\/a-digitalworks.com\/es\/#\/schema\/logo\/image\/","url":"https:\/\/a-digitalworks.com\/wp-content\/uploads\/2025\/04\/A-Digital-Works-Logo.png","contentUrl":"https:\/\/a-digitalworks.com\/wp-content\/uploads\/2025\/04\/A-Digital-Works-Logo.png","width":1024,"height":1024,"caption":"A-Digital Works Ltd"},"image":{"@id":"https:\/\/a-digitalworks.com\/es\/#\/schema\/logo\/image\/"}}]}},"uagb_featured_image_src":{"full":false,"thumbnail":false,"medium":false,"medium_large":false,"large":false,"1536x1536":false,"2048x2048":false},"uagb_author_info":{"display_name":"A-Digital Works","author_link":"https:\/\/a-digitalworks.com\/es\/author\/ayachan11\/"},"uagb_comment_info":0,"uagb_excerpt":"Informaci\u00f3n de la empresa Nombre de la empresa: A-Digital Works LtdN\u00famero de empresa: 15081203N\u00famero de IVA: GB471067496Domicilio Social:Suite Ra01, 195-197 [&hellip;]","_links":{"self":[{"href":"https:\/\/a-digitalworks.com\/es\/wp-json\/wp\/v2\/pages\/718","targetHints":{"allow":["GET"]}}],"collection":[{"href":"https:\/\/a-digitalworks.com\/es\/wp-json\/wp\/v2\/pages"}],"about":[{"href":"https:\/\/a-digitalworks.com\/es\/wp-json\/wp\/v2\/types\/page"}],"author":[{"embeddable":true,"href":"https:\/\/a-digitalworks.com\/es\/wp-json\/wp\/v2\/users\/1"}],"replies":[{"embeddable":true,"href":"https:\/\/a-digitalworks.com\/es\/wp-json\/wp\/v2\/comments?post=718"}],"version-history":[{"count":1,"href":"https:\/\/a-digitalworks.com\/es\/wp-json\/wp\/v2\/pages\/718\/revisions"}],"predecessor-version":[{"id":723,"href":"https:\/\/a-digitalworks.com\/es\/wp-json\/wp\/v2\/pages\/718\/revisions\/723"}],"wp:attachment":[{"href":"https:\/\/a-digitalworks.com\/es\/wp-json\/wp\/v2\/media?parent=718"}],"curies":[{"name":"wp","href":"https:\/\/api.w.org\/{rel}","templated":true}]}}