{"id":719,"date":"2025-05-14T09:20:19","date_gmt":"2025-05-14T09:20:19","guid":{"rendered":"https:\/\/a-digitalworks.com\/rechtlicher-hinweis\/"},"modified":"2025-07-19T11:01:46","modified_gmt":"2025-07-19T11:01:46","slug":"rechtlicher-hinweis","status":"publish","type":"page","link":"https:\/\/a-digitalworks.com\/de\/rechtlicher-hinweis\/","title":{"rendered":"Rechtlicher Hinweis"},"content":{"rendered":"\n<h2 class=\"wp-block-heading\">Informationen zum Unternehmen<\/h2>\n\n<p>Firmenname: A-Digital Works Ltd<br\/>Firmennummer: 15081203<br\/>Umsatzsteuernummer: GB471067496<br\/>Firmensitz:<br\/>Suite Ra01, 195-197 Wood Street,<br\/>London, England, E17 3NU<br\/>Gesch\u00e4ftsf\u00fchrer: Ayaka Uchida<br\/>E-Mail: info@a-digitalworks.com<\/p>\n\n<h2 class=\"wp-block-heading\">Hosting-Anbieter<\/h2>\n\n<p>Diese Website wird gehostet von:<br\/>[Name Ihres Hosting-Providers]<br\/>[Adresse des Providers, falls verf\u00fcgbar]<br\/>[URL der Website des Providers]<\/p>\n\n<h2 class=\"wp-block-heading\">Haftungsausschluss<\/h2>\n\n<p>Wir bem\u00fchen uns, dass die Informationen auf dieser Website korrekt und aktuell sind. A-Digital Works Ltd. \u00fcbernimmt jedoch keine Haftung f\u00fcr die Richtigkeit, Vollst\u00e4ndigkeit oder Aktualit\u00e4t der Inhalte.<\/p>\n\n<p>Wir sind nicht verantwortlich f\u00fcr den Inhalt externer Websites, die von dieser Website aus verlinkt sind.<\/p>\n\n<h2 class=\"wp-block-heading\">Copyright<\/h2>\n\n<p>Alle Inhalte, Designelemente, Bilder und Materialien auf dieser Website sind, sofern nicht anders angegeben, Eigentum von A-Digital Works Ltd. Unerlaubte Nutzung oder Vervielf\u00e4ltigung ist ohne vorherige schriftliche Zustimmung verboten.<\/p>\n\n<h2 class=\"wp-block-heading\">Juristische Zust\u00e4ndigkeit<\/h2>\n\n<p>Diese Website wird nach den Gesetzen von England und Wales betrieben.<br\/>Im Falle eines Rechtsstreits sind die Gerichte von London, Gro\u00dfbritannien, zust\u00e4ndig.<\/p>\n\n<p><\/p>\n","protected":false},"excerpt":{"rendered":"<p>Informationen zum Unternehmen Firmenname: A-Digital Works LtdFirmennummer: 15081203Umsatzsteuernummer: GB471067496Firmensitz:Suite Ra01, 195-197 Wood Street,London, England, E17 3NUGesch\u00e4ftsf\u00fchrer: Ayaka UchidaE-Mail: info@a-digitalworks.com Hosting-Anbieter [&hellip;]<\/p>\n","protected":false},"author":1,"featured_media":0,"parent":0,"menu_order":0,"comment_status":"closed","ping_status":"closed","template":"","meta":{"_uag_custom_page_level_css":"","site-sidebar-layout":"default","site-content-layout":"","ast-site-content-layout":"default","site-content-style":"default","site-sidebar-style":"default","ast-global-header-display":"","ast-banner-title-visibility":"","ast-main-header-display":"","ast-hfb-above-header-display":"","ast-hfb-below-header-display":"","ast-hfb-mobile-header-display":"","site-post-title":"","ast-breadcrumbs-content":"","ast-featured-img":"","footer-sml-layout":"","ast-disable-related-posts":"","theme-transparent-header-meta":"","adv-header-id-meta":"","stick-header-meta":"","header-above-stick-meta":"","header-main-stick-meta":"","header-below-stick-meta":"","astra-migrate-meta-layouts":"default","ast-page-background-enabled":"default","ast-page-background-meta":{"desktop":{"background-color":"var(--ast-global-color-4)","background-image":"","background-repeat":"repeat","background-position":"center center","background-size":"auto","background-attachment":"scroll","background-type":"","background-media":"","overlay-type":"","overlay-color":"","overlay-opacity":"","overlay-gradient":""},"tablet":{"background-color":"","background-image":"","background-repeat":"repeat","background-position":"center center","background-size":"auto","background-attachment":"scroll","background-type":"","background-media":"","overlay-type":"","overlay-color":"","overlay-opacity":"","overlay-gradient":""},"mobile":{"background-color":"","background-image":"","background-repeat":"repeat","background-position":"center center","background-size":"auto","background-attachment":"scroll","background-type":"","background-media":"","overlay-type":"","overlay-color":"","overlay-opacity":"","overlay-gradient":""}},"ast-content-background-meta":{"desktop":{"background-color":"var(--ast-global-color-5)","background-image":"","background-repeat":"repeat","background-position":"center center","background-size":"auto","background-attachment":"scroll","background-type":"","background-media":"","overlay-type":"","overlay-color":"","overlay-opacity":"","overlay-gradient":""},"tablet":{"background-color":"var(--ast-global-color-5)","background-image":"","background-repeat":"repeat","background-position":"center center","background-size":"auto","background-attachment":"scroll","background-type":"","background-media":"","overlay-type":"","overlay-color":"","overlay-opacity":"","overlay-gradient":""},"mobile":{"background-color":"var(--ast-global-color-5)","background-image":"","background-repeat":"repeat","background-position":"center center","background-size":"auto","background-attachment":"scroll","background-type":"","background-media":"","overlay-type":"","overlay-color":"","overlay-opacity":"","overlay-gradient":""}},"footnotes":""},"class_list":["post-719","page","type-page","status-publish","hentry"],"yoast_head":"<!-- This site is optimized with the Yoast SEO plugin v27.4 - https:\/\/yoast.com\/product\/yoast-seo-wordpress\/ -->\n<title>-<\/title>\n<meta name=\"description\" content=\"Rechtliche Hinweise - A-Digital Works Ltd. Wichtige rechtliche Informationen, Nutzungsbedingungen, Haftungsausschl\u00fcsse und die Einhaltung gesetzlicher Vorschriften f\u00fcr unsere internationalen Gesch\u00e4ftsexpansions- und Marketingdienste. Details zur Unternehmensregistrierung in Gro\u00dfbritannien.\" \/>\n<meta name=\"robots\" content=\"index, follow, max-snippet:-1, max-image-preview:large, max-video-preview:-1\" \/>\n<link rel=\"canonical\" href=\"https:\/\/a-digitalworks.com\/de\/rechtlicher-hinweis\/\" \/>\n<meta property=\"og:locale\" content=\"de_DE\" \/>\n<meta property=\"og:type\" content=\"article\" \/>\n<meta property=\"og:title\" content=\"-\" \/>\n<meta property=\"og:description\" content=\"Rechtliche Hinweise - A-Digital Works Ltd. Wichtige rechtliche Informationen, Nutzungsbedingungen, Haftungsausschl\u00fcsse und die Einhaltung gesetzlicher Vorschriften f\u00fcr unsere internationalen Gesch\u00e4ftsexpansions- und Marketingdienste. Details zur Unternehmensregistrierung in Gro\u00dfbritannien.\" \/>\n<meta property=\"og:url\" content=\"https:\/\/a-digitalworks.com\/de\/rechtlicher-hinweis\/\" \/>\n<meta property=\"og:site_name\" content=\"A-Digital Works Ltd\" \/>\n<meta property=\"article:modified_time\" content=\"2025-07-19T11:01:46+00:00\" \/>\n<meta name=\"twitter:card\" content=\"summary_large_image\" \/>\n<meta name=\"twitter:label1\" content=\"Gesch\u00e4tzte Lesezeit\" \/>\n\t<meta name=\"twitter:data1\" content=\"1\u00a0Minute\" \/>\n<script type=\"application\/ld+json\" class=\"yoast-schema-graph\">{\"@context\":\"https:\\\/\\\/schema.org\",\"@graph\":[{\"@type\":\"WebPage\",\"@id\":\"https:\\\/\\\/a-digitalworks.com\\\/de\\\/rechtlicher-hinweis\\\/\",\"url\":\"https:\\\/\\\/a-digitalworks.com\\\/de\\\/rechtlicher-hinweis\\\/\",\"name\":\"-\",\"isPartOf\":{\"@id\":\"https:\\\/\\\/a-digitalworks.com\\\/de\\\/#website\"},\"datePublished\":\"2025-05-14T09:20:19+00:00\",\"dateModified\":\"2025-07-19T11:01:46+00:00\",\"description\":\"Rechtliche Hinweise - A-Digital Works Ltd. Wichtige rechtliche Informationen, Nutzungsbedingungen, Haftungsausschl\u00fcsse und die Einhaltung gesetzlicher Vorschriften f\u00fcr unsere internationalen Gesch\u00e4ftsexpansions- und Marketingdienste. Details zur Unternehmensregistrierung in Gro\u00dfbritannien.\",\"breadcrumb\":{\"@id\":\"https:\\\/\\\/a-digitalworks.com\\\/de\\\/rechtlicher-hinweis\\\/#breadcrumb\"},\"inLanguage\":\"de\",\"potentialAction\":[{\"@type\":\"ReadAction\",\"target\":[\"https:\\\/\\\/a-digitalworks.com\\\/de\\\/rechtlicher-hinweis\\\/\"]}]},{\"@type\":\"BreadcrumbList\",\"@id\":\"https:\\\/\\\/a-digitalworks.com\\\/de\\\/rechtlicher-hinweis\\\/#breadcrumb\",\"itemListElement\":[{\"@type\":\"ListItem\",\"position\":1,\"name\":\"Startseite\",\"item\":\"https:\\\/\\\/a-digitalworks.com\\\/de\\\/\"},{\"@type\":\"ListItem\",\"position\":2,\"name\":\"Rechtlicher Hinweis\"}]},{\"@type\":\"WebSite\",\"@id\":\"https:\\\/\\\/a-digitalworks.com\\\/de\\\/#website\",\"url\":\"https:\\\/\\\/a-digitalworks.com\\\/de\\\/\",\"name\":\"A-Digital Works Ltd\",\"description\":\"A-Digital Works Ltd specializes in bridging international markets through tailored SEO and marketing strategies.\",\"publisher\":{\"@id\":\"https:\\\/\\\/a-digitalworks.com\\\/de\\\/#organization\"},\"potentialAction\":[{\"@type\":\"SearchAction\",\"target\":{\"@type\":\"EntryPoint\",\"urlTemplate\":\"https:\\\/\\\/a-digitalworks.com\\\/de\\\/?s={search_term_string}\"},\"query-input\":{\"@type\":\"PropertyValueSpecification\",\"valueRequired\":true,\"valueName\":\"search_term_string\"}}],\"inLanguage\":\"de\"},{\"@type\":\"Organization\",\"@id\":\"https:\\\/\\\/a-digitalworks.com\\\/de\\\/#organization\",\"name\":\"A-Digital Works Ltd\",\"url\":\"https:\\\/\\\/a-digitalworks.com\\\/de\\\/\",\"logo\":{\"@type\":\"ImageObject\",\"inLanguage\":\"de\",\"@id\":\"https:\\\/\\\/a-digitalworks.com\\\/de\\\/#\\\/schema\\\/logo\\\/image\\\/\",\"url\":\"https:\\\/\\\/a-digitalworks.com\\\/wp-content\\\/uploads\\\/2025\\\/04\\\/A-Digital-Works-Logo.png\",\"contentUrl\":\"https:\\\/\\\/a-digitalworks.com\\\/wp-content\\\/uploads\\\/2025\\\/04\\\/A-Digital-Works-Logo.png\",\"width\":1024,\"height\":1024,\"caption\":\"A-Digital Works Ltd\"},\"image\":{\"@id\":\"https:\\\/\\\/a-digitalworks.com\\\/de\\\/#\\\/schema\\\/logo\\\/image\\\/\"}}]}<\/script>\n<!-- \/ Yoast SEO plugin. -->","yoast_head_json":{"title":"-","description":"Rechtliche Hinweise - A-Digital Works Ltd. Wichtige rechtliche Informationen, Nutzungsbedingungen, Haftungsausschl\u00fcsse und die Einhaltung gesetzlicher Vorschriften f\u00fcr unsere internationalen Gesch\u00e4ftsexpansions- und Marketingdienste. Details zur Unternehmensregistrierung in Gro\u00dfbritannien.","robots":{"index":"index","follow":"follow","max-snippet":"max-snippet:-1","max-image-preview":"max-image-preview:large","max-video-preview":"max-video-preview:-1"},"canonical":"https:\/\/a-digitalworks.com\/de\/rechtlicher-hinweis\/","og_locale":"de_DE","og_type":"article","og_title":"-","og_description":"Rechtliche Hinweise - A-Digital Works Ltd. Wichtige rechtliche Informationen, Nutzungsbedingungen, Haftungsausschl\u00fcsse und die Einhaltung gesetzlicher Vorschriften f\u00fcr unsere internationalen Gesch\u00e4ftsexpansions- und Marketingdienste. Details zur Unternehmensregistrierung in Gro\u00dfbritannien.","og_url":"https:\/\/a-digitalworks.com\/de\/rechtlicher-hinweis\/","og_site_name":"A-Digital Works Ltd","article_modified_time":"2025-07-19T11:01:46+00:00","twitter_card":"summary_large_image","twitter_misc":{"Gesch\u00e4tzte Lesezeit":"1\u00a0Minute"},"schema":{"@context":"https:\/\/schema.org","@graph":[{"@type":"WebPage","@id":"https:\/\/a-digitalworks.com\/de\/rechtlicher-hinweis\/","url":"https:\/\/a-digitalworks.com\/de\/rechtlicher-hinweis\/","name":"-","isPartOf":{"@id":"https:\/\/a-digitalworks.com\/de\/#website"},"datePublished":"2025-05-14T09:20:19+00:00","dateModified":"2025-07-19T11:01:46+00:00","description":"Rechtliche Hinweise - A-Digital Works Ltd. Wichtige rechtliche Informationen, Nutzungsbedingungen, Haftungsausschl\u00fcsse und die Einhaltung gesetzlicher Vorschriften f\u00fcr unsere internationalen Gesch\u00e4ftsexpansions- und Marketingdienste. Details zur Unternehmensregistrierung in Gro\u00dfbritannien.","breadcrumb":{"@id":"https:\/\/a-digitalworks.com\/de\/rechtlicher-hinweis\/#breadcrumb"},"inLanguage":"de","potentialAction":[{"@type":"ReadAction","target":["https:\/\/a-digitalworks.com\/de\/rechtlicher-hinweis\/"]}]},{"@type":"BreadcrumbList","@id":"https:\/\/a-digitalworks.com\/de\/rechtlicher-hinweis\/#breadcrumb","itemListElement":[{"@type":"ListItem","position":1,"name":"Startseite","item":"https:\/\/a-digitalworks.com\/de\/"},{"@type":"ListItem","position":2,"name":"Rechtlicher Hinweis"}]},{"@type":"WebSite","@id":"https:\/\/a-digitalworks.com\/de\/#website","url":"https:\/\/a-digitalworks.com\/de\/","name":"A-Digital Works Ltd","description":"A-Digital Works Ltd specializes in bridging international markets through tailored SEO and marketing strategies.","publisher":{"@id":"https:\/\/a-digitalworks.com\/de\/#organization"},"potentialAction":[{"@type":"SearchAction","target":{"@type":"EntryPoint","urlTemplate":"https:\/\/a-digitalworks.com\/de\/?s={search_term_string}"},"query-input":{"@type":"PropertyValueSpecification","valueRequired":true,"valueName":"search_term_string"}}],"inLanguage":"de"},{"@type":"Organization","@id":"https:\/\/a-digitalworks.com\/de\/#organization","name":"A-Digital Works Ltd","url":"https:\/\/a-digitalworks.com\/de\/","logo":{"@type":"ImageObject","inLanguage":"de","@id":"https:\/\/a-digitalworks.com\/de\/#\/schema\/logo\/image\/","url":"https:\/\/a-digitalworks.com\/wp-content\/uploads\/2025\/04\/A-Digital-Works-Logo.png","contentUrl":"https:\/\/a-digitalworks.com\/wp-content\/uploads\/2025\/04\/A-Digital-Works-Logo.png","width":1024,"height":1024,"caption":"A-Digital Works Ltd"},"image":{"@id":"https:\/\/a-digitalworks.com\/de\/#\/schema\/logo\/image\/"}}]}},"uagb_featured_image_src":{"full":false,"thumbnail":false,"medium":false,"medium_large":false,"large":false,"1536x1536":false,"2048x2048":false},"uagb_author_info":{"display_name":"A-Digital Works","author_link":"https:\/\/a-digitalworks.com\/de\/author\/ayachan11\/"},"uagb_comment_info":0,"uagb_excerpt":"Informationen zum Unternehmen Firmenname: A-Digital Works LtdFirmennummer: 15081203Umsatzsteuernummer: GB471067496Firmensitz:Suite Ra01, 195-197 Wood Street,London, England, E17 3NUGesch\u00e4ftsf\u00fchrer: Ayaka UchidaE-Mail: info@a-digitalworks.com Hosting-Anbieter [&hellip;]","_links":{"self":[{"href":"https:\/\/a-digitalworks.com\/de\/wp-json\/wp\/v2\/pages\/719","targetHints":{"allow":["GET"]}}],"collection":[{"href":"https:\/\/a-digitalworks.com\/de\/wp-json\/wp\/v2\/pages"}],"about":[{"href":"https:\/\/a-digitalworks.com\/de\/wp-json\/wp\/v2\/types\/page"}],"author":[{"embeddable":true,"href":"https:\/\/a-digitalworks.com\/de\/wp-json\/wp\/v2\/users\/1"}],"replies":[{"embeddable":true,"href":"https:\/\/a-digitalworks.com\/de\/wp-json\/wp\/v2\/comments?post=719"}],"version-history":[{"count":1,"href":"https:\/\/a-digitalworks.com\/de\/wp-json\/wp\/v2\/pages\/719\/revisions"}],"predecessor-version":[{"id":724,"href":"https:\/\/a-digitalworks.com\/de\/wp-json\/wp\/v2\/pages\/719\/revisions\/724"}],"wp:attachment":[{"href":"https:\/\/a-digitalworks.com\/de\/wp-json\/wp\/v2\/media?parent=719"}],"curies":[{"name":"wp","href":"https:\/\/api.w.org\/{rel}","templated":true}]}}